{"id":5909,"date":"2019-09-09T19:32:18","date_gmt":"2019-09-09T15:32:18","guid":{"rendered":"http:\/\/themenectar.com\/demo\/salient-corporate-3\/?page_id=5"},"modified":"2022-10-18T14:23:10","modified_gmt":"2022-10-18T10:23:10","slug":"accueil","status":"publish","type":"page","link":"https:\/\/isleda-villas.com\/en_gb\/","title":{"rendered":"HOME"},"content":{"rendered":"<div id=\"fws_69dea7e4cdbca\"  data-column-margin=\"default\" data-midnight=\"light\" data-top-percent=\"30%\" data-bottom-percent=\"30%\"  class=\"wpb_row vc_row-fluid vc_row full-width-section  vc_row-o-equal-height vc_row-flex  vc_row-o-content-bottom parallax_section  left_padding_300px\"  style=\"padding-top: calc(100vw * 0.30); padding-bottom: calc(100vw * 0.30); \"><div class=\"row-bg-wrap\" data-bg-animation=\"fade-in\" data-bg-overlay=\"false\"><div class=\"inner-wrap using-image\"><div class=\"row-bg using-image\" data-parallax-speed=\"fast\" style=\"background-image: url(https:\/\/isleda-villas.com\/wp-content\/uploads\/2021\/11\/ASTREA-Photos-logo-GPS-1-scaled.jpg); background-position: center center; background-repeat: no-repeat; \"><\/div><\/div><div class=\"row-bg-overlay\" ><\/div><\/div><div class=\"row_col_wrap_12 col span_12 light left\">\n\t<div  class=\"vc_col-sm-6 wpb_column column_container vc_column_container col no-extra-padding inherit_tablet inherit_phone\"  data-t-w-inherits=\"default\" data-bg-cover=\"\" data-padding-pos=\"all\" data-has-bg-color=\"false\" data-bg-color=\"\" data-bg-opacity=\"1\" data-hover-bg=\"\" data-hover-bg-opacity=\"1\" data-animation=\"\" data-delay=\"0\" >\n\t\t<div class=\"vc_column-inner\" ><div class=\"column-bg-overlay-wrap\" data-bg-animation=\"none\"><div class=\"column-bg-overlay\"><\/div><\/div>\n\t\t\t<div class=\"wpb_wrapper\">\n\t\t\t\t<div id=\"fws_69dea7e4ce1bf\" data-midnight=\"\" data-column-margin=\"default\" class=\"wpb_row vc_row-fluid vc_row inner_row standard_section\"  style=\"padding-top: 0px; padding-bottom: 0px; \"><div class=\"row-bg-wrap\"> <div class=\"row-bg\" ><\/div> <\/div><div class=\"row_col_wrap_12_inner col span_12  left\">\n\t<div  class=\"vc_col-sm-12 wpb_column column_container vc_column_container col child_column no-extra-padding inherit_tablet inherit_phone\"   data-t-w-inherits=\"default\" data-bg-cover=\"\" data-padding-pos=\"all\" data-has-bg-color=\"false\" data-bg-color=\"\" data-bg-opacity=\"1\" data-hover-bg=\"\" data-hover-bg-opacity=\"1\" data-animation=\"\" data-delay=\"0\">\n\t\t<div class=\"vc_column-inner\" ><div class=\"column-bg-overlay-wrap\" data-bg-animation=\"none\"><div class=\"column-bg-overlay\"><\/div><\/div>\n\t\t<div class=\"wpb_wrapper\">\n\t\t\t\n\t\t<\/div> \n\t<\/div>\n\t<\/div> \n<\/div><\/div>\n\t\t\t<\/div> \n\t\t<\/div>\n\t<\/div> \n\n\t<div  class=\"vc_col-sm-6 wpb_column column_container vc_column_container col no-extra-padding inherit_tablet inherit_phone\"  data-t-w-inherits=\"default\" data-bg-cover=\"\" data-padding-pos=\"all\" data-has-bg-color=\"false\" data-bg-color=\"\" data-bg-opacity=\"1\" data-hover-bg=\"\" data-hover-bg-opacity=\"1\" data-animation=\"\" data-delay=\"0\" >\n\t\t<div class=\"vc_column-inner\" ><div class=\"column-bg-overlay-wrap\" data-bg-animation=\"none\"><div class=\"column-bg-overlay\"><\/div><\/div>\n\t\t\t<div class=\"wpb_wrapper\">\n\t\t\t\t\n\t\t\t<\/div> \n\t\t<\/div>\n\t<\/div> \n<\/div><\/div>\n\t\t<div id=\"fws_69dea7e4ce5de\"  data-column-margin=\"default\" data-midnight=\"dark\"  class=\"wpb_row vc_row-fluid vc_row standard_section\"  style=\"padding-top: 0px; padding-bottom: 0px; \"><div class=\"row-bg-wrap\" data-bg-animation=\"none\" data-bg-overlay=\"false\"><div class=\"inner-wrap\"><div class=\"row-bg\"  style=\"\"><\/div><\/div><div class=\"row-bg-overlay\" ><\/div><\/div><div class=\"row_col_wrap_12 col span_12 dark left\">\n\t<div  class=\"vc_col-sm-12 wpb_column column_container vc_column_container col centered-text no-extra-padding inherit_tablet inherit_phone\"  data-t-w-inherits=\"default\" data-bg-cover=\"\" data-padding-pos=\"all\" data-has-bg-color=\"false\" data-bg-color=\"\" data-bg-opacity=\"1\" data-hover-bg=\"\" data-hover-bg-opacity=\"1\" data-animation=\"\" data-delay=\"0\" >\n\t\t<div class=\"vc_column-inner\" ><div class=\"column-bg-overlay-wrap\" data-bg-animation=\"none\"><div class=\"column-bg-overlay\"><\/div><\/div>\n\t\t\t<div class=\"wpb_wrapper\">\n\t\t\t\t<div class=\"divider-wrap\" data-alignment=\"default\"><div style=\"height: 40px;\" class=\"divider\"><\/div><\/div>\r\n<div class=\"wpb_text_column wpb_content_element\" >\r\n\t<div class=\"wpb_wrapper\">\r\n\t\t<div class=\"page\" title=\"Page 1\">\n<div class=\"section\">\n<div class=\"layoutArea\">\n<div class=\"column\">\n<div class=\"page\" title=\"Page 1\">\n<div class=\"section\">\n<div class=\"layoutArea\">\n<div class=\"column\">\n<div class=\"page\" title=\"Page 1\">\n<div class=\"section\">\n<div class=\"layoutArea\">\n<div class=\"column\">\n<div style=\"text-align: center;\"><span style=\"color: #4b4b4b;\">A haven of peace with an endless view towards the horizon.<\/span><\/div>\n<div style=\"text-align: center;\">Villa Astrea is the perfect place for relaxing and recharging your batteries,<\/div>\n<div style=\"text-align: center;\">promising a truly timeless experience looking out over the ocean.<\/div>\n<div style=\"text-align: center;\">a stone\u2019s throw from the white coral and the blue lagoon.<\/div>\n<\/div>\n<\/div>\n<\/div>\n<\/div>\n<\/div>\n<\/div>\n<\/div>\n<\/div>\n<\/div>\n<\/div>\n<\/div>\n<\/div>\n\t<\/div>\r\n<\/div>\r\n\r\n\r\n\r\n\n\t\t\t<\/div> \n\t\t<\/div>\n\t<\/div> \n<\/div><\/div>\n\t\t<div id=\"fws_69dea7e4cea7c\"  data-column-margin=\"default\" data-midnight=\"dark\"  class=\"wpb_row vc_row-fluid vc_row standard_section\"  style=\"padding-top: 0px; padding-bottom: 0px; \"><div class=\"row-bg-wrap\" data-bg-animation=\"none\" data-bg-overlay=\"false\"><div class=\"inner-wrap\"><div class=\"row-bg\"  style=\"\"><\/div><\/div><div class=\"row-bg-overlay\" ><\/div><\/div><div class=\"row_col_wrap_12 col span_12 dark left\">\n\t<div  class=\"vc_col-sm-12 wpb_column column_container vc_column_container col no-extra-padding inherit_tablet inherit_phone\"  data-t-w-inherits=\"default\" data-bg-cover=\"\" data-padding-pos=\"all\" data-has-bg-color=\"false\" data-bg-color=\"\" data-bg-opacity=\"1\" data-hover-bg=\"\" data-hover-bg-opacity=\"1\" data-animation=\"\" data-delay=\"0\" >\n\t\t<div class=\"vc_column-inner\" ><div class=\"column-bg-overlay-wrap\" data-bg-animation=\"none\"><div class=\"column-bg-overlay\"><\/div><\/div>\n\t\t\t<div class=\"wpb_wrapper\">\n\t\t\t\t<div class=\"nectar_video_player_self_hosted wpb_video_widget wpb_content_element vc_clearfix vc_video-aspect-ratio-169 vc_video-el-width-90 vc_video-align-center\" data-border-radius=\"none\" data-shadow=\"none\">\r\n<div class=\"wpb_wrapper\"><div class=\"wpb_video_wrapper\"><video width=\"1280\" height=\"720\" preload=\"auto\" loop controls controlslist=\"nodownload\" autoplay muted playsinline poster=\"\"><source src=\"https:\/\/isleda-villas.com\/wp-content\/uploads\/2021\/11\/Sans-titre.mp4\"  type=\"video\/mp4\"><\/video><\/div><\/div><\/div>\n\t\t\t<\/div> \n\t\t<\/div>\n\t<\/div> \n<\/div><\/div>","protected":false},"excerpt":{"rendered":"\"Un havre de paix o\u00f9 le regard se perd sur l\u2019horizon. La villa Astrea vous offre une parenth\u00e8se de pl\u00e9nitude et de s\u00e9r\u00e9nit\u00e9. Un moment hors du temps face \u00e0...","protected":false},"author":1,"featured_media":0,"parent":0,"menu_order":0,"comment_status":"closed","ping_status":"closed","template":"","meta":[],"yoast_head":"<!-- This site is optimized with the Yoast SEO plugin v17.9 - https:\/\/yoast.com\/wordpress\/plugins\/seo\/ -->\n<title>Location saisonni\u00e8re la R\u00e9union - Isleda Villas<\/title>\n<meta name=\"description\" content=\"Une vue imprenable sur l\u2019Oc\u00e9an Indien, un jardin paysager luxuriant et une piscine a\u0300 d\u00e9bordement, la Villa Astrea est \u00e0 300m de la mer\" \/>\n<meta name=\"robots\" content=\"index, follow, max-snippet:-1, max-image-preview:large, max-video-preview:-1\" \/>\n<link rel=\"canonical\" href=\"https:\/\/isleda-villas.com\/en_gb\/\" \/>\n<meta property=\"og:locale\" content=\"en_GB\" \/>\n<meta property=\"og:type\" content=\"article\" \/>\n<meta property=\"og:title\" content=\"Location saisonni\u00e8re la R\u00e9union - Isleda Villas\" \/>\n<meta property=\"og:description\" content=\"Une vue imprenable sur l\u2019Oc\u00e9an Indien, un jardin paysager luxuriant et une piscine a\u0300 d\u00e9bordement, la Villa Astrea est \u00e0 300m de la mer\" \/>\n<meta property=\"og:url\" content=\"https:\/\/isleda-villas.com\/en_gb\/\" \/>\n<meta property=\"og:site_name\" content=\"Isleda Villas\" \/>\n<meta property=\"article:modified_time\" content=\"2022-10-18T10:23:10+00:00\" \/>\n<meta name=\"twitter:card\" content=\"summary_large_image\" \/>\n<meta name=\"twitter:label1\" content=\"Estimated reading time\" \/>\n\t<meta name=\"twitter:data1\" content=\"8 minutes\" \/>\n<script type=\"application\/ld+json\" class=\"yoast-schema-graph\">{\"@context\":\"https:\/\/schema.org\",\"@graph\":[{\"@type\":\"WebSite\",\"@id\":\"https:\/\/isleda-villas.com\/#website\",\"url\":\"https:\/\/isleda-villas.com\/\",\"name\":\"Isleda Villas\",\"description\":\"Le lagon comme horizon\",\"potentialAction\":[{\"@type\":\"SearchAction\",\"target\":{\"@type\":\"EntryPoint\",\"urlTemplate\":\"https:\/\/isleda-villas.com\/?s={search_term_string}\"},\"query-input\":\"required name=search_term_string\"}],\"inLanguage\":\"en-GB\"},{\"@type\":\"WebPage\",\"@id\":\"https:\/\/isleda-villas.com\/#webpage\",\"url\":\"https:\/\/isleda-villas.com\/\",\"name\":\"Location saisonni\\u00e8re la R\\u00e9union - Isleda Villas\",\"isPartOf\":{\"@id\":\"https:\/\/isleda-villas.com\/#website\"},\"datePublished\":\"2019-09-09T15:32:18+00:00\",\"dateModified\":\"2022-10-18T10:23:10+00:00\",\"description\":\"Une vue imprenable sur l\\u2019Oc\\u00e9an Indien, un jardin paysager luxuriant et une piscine a\\u0300 d\\u00e9bordement, la Villa Astrea est \\u00e0 300m de la mer\",\"breadcrumb\":{\"@id\":\"https:\/\/isleda-villas.com\/#breadcrumb\"},\"inLanguage\":\"en-GB\",\"potentialAction\":[{\"@type\":\"ReadAction\",\"target\":[\"https:\/\/isleda-villas.com\/\"]}]},{\"@type\":\"BreadcrumbList\",\"@id\":\"https:\/\/isleda-villas.com\/#breadcrumb\",\"itemListElement\":[{\"@type\":\"ListItem\",\"position\":1,\"name\":\"ACCUEIL\"}]}]}<\/script>\n<!-- \/ Yoast SEO plugin. -->","yoast_head_json":{"title":"Location saisonni\u00e8re la R\u00e9union - Isleda Villas","description":"Une vue imprenable sur l\u2019Oc\u00e9an Indien, un jardin paysager luxuriant et une piscine a\u0300 d\u00e9bordement, la Villa Astrea est \u00e0 300m de la mer","robots":{"index":"index","follow":"follow","max-snippet":"max-snippet:-1","max-image-preview":"max-image-preview:large","max-video-preview":"max-video-preview:-1"},"canonical":"https:\/\/isleda-villas.com\/en_gb\/","og_locale":"en_GB","og_type":"article","og_title":"Location saisonni\u00e8re la R\u00e9union - Isleda Villas","og_description":"Une vue imprenable sur l\u2019Oc\u00e9an Indien, un jardin paysager luxuriant et une piscine a\u0300 d\u00e9bordement, la Villa Astrea est \u00e0 300m de la mer","og_url":"https:\/\/isleda-villas.com\/en_gb\/","og_site_name":"Isleda Villas","article_modified_time":"2022-10-18T10:23:10+00:00","twitter_card":"summary_large_image","twitter_misc":{"Estimated reading time":"8 minutes"},"schema":{"@context":"https:\/\/schema.org","@graph":[{"@type":"WebSite","@id":"https:\/\/isleda-villas.com\/#website","url":"https:\/\/isleda-villas.com\/","name":"Isleda Villas","description":"Le lagon comme horizon","potentialAction":[{"@type":"SearchAction","target":{"@type":"EntryPoint","urlTemplate":"https:\/\/isleda-villas.com\/?s={search_term_string}"},"query-input":"required name=search_term_string"}],"inLanguage":"en-GB"},{"@type":"WebPage","@id":"https:\/\/isleda-villas.com\/#webpage","url":"https:\/\/isleda-villas.com\/","name":"Location saisonni\u00e8re la R\u00e9union - Isleda Villas","isPartOf":{"@id":"https:\/\/isleda-villas.com\/#website"},"datePublished":"2019-09-09T15:32:18+00:00","dateModified":"2022-10-18T10:23:10+00:00","description":"Une vue imprenable sur l\u2019Oc\u00e9an Indien, un jardin paysager luxuriant et une piscine a\u0300 d\u00e9bordement, la Villa Astrea est \u00e0 300m de la mer","breadcrumb":{"@id":"https:\/\/isleda-villas.com\/#breadcrumb"},"inLanguage":"en-GB","potentialAction":[{"@type":"ReadAction","target":["https:\/\/isleda-villas.com\/"]}]},{"@type":"BreadcrumbList","@id":"https:\/\/isleda-villas.com\/#breadcrumb","itemListElement":[{"@type":"ListItem","position":1,"name":"ACCUEIL"}]}]}},"_links":{"self":[{"href":"https:\/\/isleda-villas.com\/en_gb\/wp-json\/wp\/v2\/pages\/5909"}],"collection":[{"href":"https:\/\/isleda-villas.com\/en_gb\/wp-json\/wp\/v2\/pages"}],"about":[{"href":"https:\/\/isleda-villas.com\/en_gb\/wp-json\/wp\/v2\/types\/page"}],"author":[{"embeddable":true,"href":"https:\/\/isleda-villas.com\/en_gb\/wp-json\/wp\/v2\/users\/1"}],"replies":[{"embeddable":true,"href":"https:\/\/isleda-villas.com\/en_gb\/wp-json\/wp\/v2\/comments?post=5909"}],"version-history":[{"count":56,"href":"https:\/\/isleda-villas.com\/en_gb\/wp-json\/wp\/v2\/pages\/5909\/revisions"}],"predecessor-version":[{"id":6274,"href":"https:\/\/isleda-villas.com\/en_gb\/wp-json\/wp\/v2\/pages\/5909\/revisions\/6274"}],"wp:attachment":[{"href":"https:\/\/isleda-villas.com\/en_gb\/wp-json\/wp\/v2\/media?parent=5909"}],"curies":[{"name":"wp","href":"https:\/\/api.w.org\/{rel}","templated":true}]}}